{"id":2670,"date":"2021-02-03T21:13:18","date_gmt":"2021-02-03T20:13:18","guid":{"rendered":"http:\/\/biblioteca.iesalmudeyne.es\/?page_id=2670"},"modified":"2021-02-03T21:13:18","modified_gmt":"2021-02-03T20:13:18","slug":"novedades-2020","status":"publish","type":"page","link":"https:\/\/biblioteca.iesalmudeyne.es\/?page_id=2670","title":{"rendered":"Novedades (2020)"},"content":{"rendered":"<p>Os presentamos las nuevas adquisiciones de nuestra biblioteca para este trimestre. Tenerlas ha sido posible gracias a que a\u00a0 nuestro Centro se le ha adjudicado, desde la Junta de Andaluc\u00eda, un proyecto para trabajar\u00a0 coeducaci\u00f3n, educar en\u00a0 igualdad y en valores.<\/p>\n<p>\u00a1Estamos seguros de que os van a encantar y estamos deseando de escuchar vuestros comentarios!<\/p>\n<p>Muy pronto estar\u00e1n disponibles para pr\u00e9stamo y podr\u00e9is disfrutar de ellos.<\/p>\n<p><a href=\"http:\/\/biblioteca.iesalmudeyne.es\/wp-content\/uploads\/2020\/01\/amigos.jpg\"><img decoding=\"async\" class=\"wp-image-2141 alignright\" src=\"http:\/\/biblioteca.iesalmudeyne.es\/wp-content\/uploads\/2020\/01\/amigos-198x300.jpg\" alt=\"\" width=\"183\" height=\"277\" srcset=\"https:\/\/biblioteca.iesalmudeyne.es\/wp-content\/uploads\/2020\/01\/amigos-198x300.jpg 198w, https:\/\/biblioteca.iesalmudeyne.es\/wp-content\/uploads\/2020\/01\/amigos-200x303.jpg 200w, https:\/\/biblioteca.iesalmudeyne.es\/wp-content\/uploads\/2020\/01\/amigos.jpg 264w\" sizes=\"(max-width: 183px) 100vw, 183px\" \/><\/a><\/p>\n<p>Peggy Newland y Dash Thane han sido inseparables desde que nacieron. Ella es una chica dulce que sue\u00f1a con vivir su primer amor antes de acabar el instituto; \u00e9l, un chico rebelde e impulsivo que har\u00e1 lo necesario para protegerla de cualquiera. Sin embargo, su amistad empieza a tambalearse cuando Byron, uno de los deportistas m\u00e1s populares del instituto, y Peggy empiezan a salir juntos.<br \/>\nPero una noche lo puede cambiar todo\u2026 Tras un beso inesperado, Dash y Peggy deber\u00e1n descubrir lo que realmente sienten el uno por el otro y lo que quieren de verdad. \u00bfSer\u00e1n capaces de arriesgar lo que tienen por convertirse en algo m\u00e1s que amigos?<\/p>\n<p>&nbsp;<\/p>\n<p style=\"font-weight: 400;\"><strong><a href=\"http:\/\/biblioteca.iesalmudeyne.es\/wp-content\/uploads\/2020\/01\/IJ00663501.jpg\"><img decoding=\"async\" class=\"alignleft wp-image-2142\" src=\"http:\/\/biblioteca.iesalmudeyne.es\/wp-content\/uploads\/2020\/01\/IJ00663501-198x300.jpg\" alt=\"\" width=\"172\" height=\"261\" srcset=\"https:\/\/biblioteca.iesalmudeyne.es\/wp-content\/uploads\/2020\/01\/IJ00663501-198x300.jpg 198w, https:\/\/biblioteca.iesalmudeyne.es\/wp-content\/uploads\/2020\/01\/IJ00663501.jpg 200w\" sizes=\"(max-width: 172px) 100vw, 172px\" \/><\/a><\/strong><\/p>\n<p style=\"font-weight: 400;\">Marina es una jovencita que pasa por un mal momento, si as\u00ed se puede llamar a depender de su novio.\u00a0No sabe c\u00f3mo ni por qu\u00e9 ella ya no es la misma. Se enamor\u00f3 de Eugenio y poco a poco descubre que ya no es due\u00f1a de sus actos y ni siquiera de su coraz\u00f3n.<\/p>\n<p style=\"font-weight: 400;\">No sabe c\u00f3mo fue cambiando su vida\u00a0sin darse cuenta, al principio pensaba que su novio ten\u00eda raz\u00f3n, que ella hac\u00eda las cosas mal, que sus amigos no la entend\u00edan, que si deb\u00eda de actuar as\u00ed o\u00a0<em>as\u00e1<\/em>, siempre sinti\u00e9ndose culpable.<\/p>\n<p>&nbsp;<\/p>\n<p>&nbsp;<\/p>\n<p><a href=\"http:\/\/biblioteca.iesalmudeyne.es\/wp-content\/uploads\/2020\/01\/47805924.jpg\"><img decoding=\"async\" class=\"wp-image-2143 alignright\" src=\"http:\/\/biblioteca.iesalmudeyne.es\/wp-content\/uploads\/2020\/01\/47805924-211x300.jpg\" alt=\"\" width=\"184\" height=\"262\" srcset=\"https:\/\/biblioteca.iesalmudeyne.es\/wp-content\/uploads\/2020\/01\/47805924-200x285.jpg 200w, https:\/\/biblioteca.iesalmudeyne.es\/wp-content\/uploads\/2020\/01\/47805924-211x300.jpg 211w, https:\/\/biblioteca.iesalmudeyne.es\/wp-content\/uploads\/2020\/01\/47805924.jpg 229w\" sizes=\"(max-width: 184px) 100vw, 184px\" \/><\/a><\/p>\n<p>Dos d\u00edas despu\u00e9s de morir su mejor amiga, a causa de una larga enfermedad, Enzo recibe una caja que contiene varios libros, un Japan Rail Pass, un sobre con dinero y una carta manuscrita de ella, que le pide que cumpla por ambos el sue\u00f1o tantas veces planeado: viajar en Jap\u00f3n por primavera, cuando las flores de cerezo se abren en las ramas.<\/p>\n<p>Entre la tristeza y muchas dudas, Enzo decide finalmente&#8230;&#8230;&#8230;<\/p>\n<p>&nbsp;<\/p>\n<p>&nbsp;<\/p>\n<p><a href=\"http:\/\/biblioteca.iesalmudeyne.es\/wp-content\/uploads\/2020\/01\/CUBIERTA-ANNIE-TRIMMED-1.jpg\"><img decoding=\"async\" class=\"alignleft wp-image-2144\" src=\"http:\/\/biblioteca.iesalmudeyne.es\/wp-content\/uploads\/2020\/01\/CUBIERTA-ANNIE-TRIMMED-1-194x300.jpg\" alt=\"\" width=\"167\" height=\"258\" srcset=\"https:\/\/biblioteca.iesalmudeyne.es\/wp-content\/uploads\/2020\/01\/CUBIERTA-ANNIE-TRIMMED-1-194x300.jpg 194w, https:\/\/biblioteca.iesalmudeyne.es\/wp-content\/uploads\/2020\/01\/CUBIERTA-ANNIE-TRIMMED-1-200x309.jpg 200w, https:\/\/biblioteca.iesalmudeyne.es\/wp-content\/uploads\/2020\/01\/CUBIERTA-ANNIE-TRIMMED-1-400x617.jpg 400w, https:\/\/biblioteca.iesalmudeyne.es\/wp-content\/uploads\/2020\/01\/CUBIERTA-ANNIE-TRIMMED-1-600x926.jpg 600w, https:\/\/biblioteca.iesalmudeyne.es\/wp-content\/uploads\/2020\/01\/CUBIERTA-ANNIE-TRIMMED-1-664x1024.jpg 664w, https:\/\/biblioteca.iesalmudeyne.es\/wp-content\/uploads\/2020\/01\/CUBIERTA-ANNIE-TRIMMED-1-768x1185.jpg 768w, https:\/\/biblioteca.iesalmudeyne.es\/wp-content\/uploads\/2020\/01\/CUBIERTA-ANNIE-TRIMMED-1-800x1235.jpg 800w, https:\/\/biblioteca.iesalmudeyne.es\/wp-content\/uploads\/2020\/01\/CUBIERTA-ANNIE-TRIMMED-1-995x1536.jpg 995w, https:\/\/biblioteca.iesalmudeyne.es\/wp-content\/uploads\/2020\/01\/CUBIERTA-ANNIE-TRIMMED-1-1200x1852.jpg 1200w, https:\/\/biblioteca.iesalmudeyne.es\/wp-content\/uploads\/2020\/01\/CUBIERTA-ANNIE-TRIMMED-1-1327x2048.jpg 1327w, https:\/\/biblioteca.iesalmudeyne.es\/wp-content\/uploads\/2020\/01\/CUBIERTA-ANNIE-TRIMMED-1.jpg 1653w\" sizes=\"(max-width: 167px) 100vw, 167px\" \/><\/a><\/p>\n<p>Eliza Winthrop es una chica de diecisiete a\u00f1os que aspira a entrar en el MIT para poder estudiar arquitectura. Un d\u00eda, mientras pasea por el museo buscando ideas para uno de sus proyectos, conoce a Annie, una chica alegre y divertida con la que traba relaci\u00f3n r\u00e1pidamente. Pero poco a poco, lo que parec\u00eda una simple amistad se va transformando en algo mucho m\u00e1s profundo e intenso.<\/p>\n<p>&nbsp;<\/p>\n<p>&nbsp;<\/p>\n<p>&nbsp;<\/p>\n<p>&nbsp;<\/p>\n<p><a href=\"http:\/\/biblioteca.iesalmudeyne.es\/wp-content\/uploads\/2020\/01\/9788469835272.jpg\"><img decoding=\"async\" class=\"wp-image-2145 alignright\" src=\"http:\/\/biblioteca.iesalmudeyne.es\/wp-content\/uploads\/2020\/01\/9788469835272-202x300.jpg\" alt=\"\" width=\"162\" height=\"241\" srcset=\"https:\/\/biblioteca.iesalmudeyne.es\/wp-content\/uploads\/2020\/01\/9788469835272-200x297.jpg 200w, https:\/\/biblioteca.iesalmudeyne.es\/wp-content\/uploads\/2020\/01\/9788469835272-202x300.jpg 202w, https:\/\/biblioteca.iesalmudeyne.es\/wp-content\/uploads\/2020\/01\/9788469835272.jpg 229w\" sizes=\"(max-width: 162px) 100vw, 162px\" \/><\/a><\/p>\n<p>Una colecci\u00f3n de relatos e ilustraciones comprometidos con la igualdad y dirigidos a los lectores j\u00f3venes.<br \/>\nLa educaci\u00f3n es la base de todas las cosas buenas y todas las cosas malas. Parece obvio, pero demasiadas veces se olvida. Una buena educaci\u00f3n generar\u00e1 ecos positivos, de la misma manera que una educaci\u00f3n descuidada, inadecuada, mala acabar\u00e1 antes o despu\u00e9s por resultar nefasta. Lo demuestra la Historia y lo corrobora la vida cotidiana de nuestros d\u00edas.<\/p>\n<p>La igualdad entre hombres y mujeres no existe en nuestra sociedad actual. Esa carencia inaceptable, de cuya realidad estamos convencidos, reclama soluciones apremiantes que deben abordarse desde los primeros pasos de la educaci\u00f3n de las personas j\u00f3venes.<\/p>\n<p><a href=\"http:\/\/biblioteca.iesalmudeyne.es\/wp-content\/uploads\/2020\/01\/9788467589313.jpg\"><img decoding=\"async\" class=\"size-medium wp-image-2146 alignleft\" src=\"http:\/\/biblioteca.iesalmudeyne.es\/wp-content\/uploads\/2020\/01\/9788467589313-189x300.jpg\" alt=\"\" width=\"189\" height=\"300\" srcset=\"https:\/\/biblioteca.iesalmudeyne.es\/wp-content\/uploads\/2020\/01\/9788467589313-189x300.jpg 189w, https:\/\/biblioteca.iesalmudeyne.es\/wp-content\/uploads\/2020\/01\/9788467589313-200x318.jpg 200w, https:\/\/biblioteca.iesalmudeyne.es\/wp-content\/uploads\/2020\/01\/9788467589313.jpg 285w\" sizes=\"(max-width: 189px) 100vw, 189px\" \/><\/a><\/p>\n<p>Como lo oyes: un chico se ha colado en el ba\u00f1o de las chicas. El chico es el nuevo, se llama Jeff Fishkin y su \u00fanico amigo es Bradley, el repetidor. No tiene la culpa: cuando lleg\u00f3 ya estaban ocupados todos los sitios buenos, solo quedaba el que nadie quiere. El de al lado de Bradley.<\/p>\n<p>El mundo odia a Bradley, y Bradley odia al mundo, pero Jeff no lo sab\u00eda. Al ver que todo el mundo lo rechazaba y ridiculizaba\u00a0 en clase, decidi\u00f3 ser su amigo. Al principio fue dif\u00edcil, porque Bradley no sab\u00eda qu\u00e9 era la amistad, pero ahora no se separan. Adem\u00e1s, dicen que la nueva orientadora lo anim\u00f3 en su decisi\u00f3n.<\/p>\n<p style=\"text-align: center;\"><a href=\"http:\/\/biblioteca.iesalmudeyne.es\/wp-content\/uploads\/2020\/01\/download.jpg\"><img decoding=\"async\" class=\"size-full wp-image-2147 aligncenter\" src=\"http:\/\/biblioteca.iesalmudeyne.es\/wp-content\/uploads\/2020\/01\/download.jpg\" alt=\"\" width=\"199\" height=\"202\" srcset=\"https:\/\/biblioteca.iesalmudeyne.es\/wp-content\/uploads\/2020\/01\/download-66x66.jpg 66w, https:\/\/biblioteca.iesalmudeyne.es\/wp-content\/uploads\/2020\/01\/download.jpg 199w\" sizes=\"(max-width: 199px) 100vw, 199px\" \/><\/a><\/p>\n<p>&nbsp;<\/p>\n<p>&nbsp;<\/p>\n<p>&nbsp;<\/p>\n","protected":false},"excerpt":{"rendered":"<p>Os presentamos las nuevas adquisiciones de nuestra biblioteca para este [&hellip;]<\/p>\n","protected":false},"author":1,"featured_media":0,"parent":0,"menu_order":0,"comment_status":"closed","ping_status":"closed","template":"","meta":{"footnotes":""},"class_list":["post-2670","page","type-page","status-publish","hentry"],"_links":{"self":[{"href":"https:\/\/biblioteca.iesalmudeyne.es\/index.php?rest_route=\/wp\/v2\/pages\/2670","targetHints":{"allow":["GET"]}}],"collection":[{"href":"https:\/\/biblioteca.iesalmudeyne.es\/index.php?rest_route=\/wp\/v2\/pages"}],"about":[{"href":"https:\/\/biblioteca.iesalmudeyne.es\/index.php?rest_route=\/wp\/v2\/types\/page"}],"author":[{"embeddable":true,"href":"https:\/\/biblioteca.iesalmudeyne.es\/index.php?rest_route=\/wp\/v2\/users\/1"}],"replies":[{"embeddable":true,"href":"https:\/\/biblioteca.iesalmudeyne.es\/index.php?rest_route=%2Fwp%2Fv2%2Fcomments&post=2670"}],"version-history":[{"count":0,"href":"https:\/\/biblioteca.iesalmudeyne.es\/index.php?rest_route=\/wp\/v2\/pages\/2670\/revisions"}],"wp:attachment":[{"href":"https:\/\/biblioteca.iesalmudeyne.es\/index.php?rest_route=%2Fwp%2Fv2%2Fmedia&parent=2670"}],"curies":[{"name":"wp","href":"https:\/\/api.w.org\/{rel}","templated":true}]}}