{"id":677,"date":"2017-02-13T20:03:06","date_gmt":"2017-02-13T19:03:06","guid":{"rendered":"http:\/\/biblioteca.iesalmudeyne.es\/?page_id=677"},"modified":"2017-02-13T20:03:06","modified_gmt":"2017-02-13T19:03:06","slug":"novedades-juveniles","status":"publish","type":"page","link":"https:\/\/biblioteca.iesalmudeyne.es\/?page_id=677","title":{"rendered":"Novedades (2017)"},"content":{"rendered":"<h5 style=\"text-align: justify;\"><strong><em><span style=\"font-family: 'Times New Roman', serif;\">Este curso seguimos ampliando las novedades, sobre todo en literatura juvenil, de rabiosa actualidad los siete \u00faltimos bestsellers mas vendidos y valorados por la critica. Creemos que os van a gustar much\u00edsimo, por eso os damos las siguientes rese\u00f1as para que sep\u00e1is sobre que tratan<\/span><\/em><\/strong><\/h5>\n<p><span style=\"font-family: 'Times New Roman', serif;\"><b>CIUDADES DE PAPEL. Autor: John Green<\/b><\/span><\/p>\n<table border=\"0\" width=\"643\" cellspacing=\"0\" cellpadding=\"0\">\n<colgroup>\n<col width=\"643\" \/> <\/colgroup>\n<tbody>\n<tr>\n<td width=\"643\">\n<p align=\"JUSTIFY\"><span style=\"color: #474747;\"><span style=\"font-family: Arial, Helvetica, sans-serif;\"><span style=\"font-size: small;\"><a href=\"http:\/\/biblioteca.iesalmudeyne.es\/wp-content\/uploads\/2017\/05\/20170213_112314-e1493923971685.jpg\" rel=\"attachment wp-att-680\"><img decoding=\"async\" class=\"size-medium wp-image-680 alignleft\" src=\"http:\/\/biblioteca.iesalmudeyne.es\/wp-content\/uploads\/2017\/05\/20170213_112314-e1493923971685-169x300.jpg\" alt=\"20170213_112314\" width=\"169\" height=\"300\" srcset=\"https:\/\/biblioteca.iesalmudeyne.es\/wp-content\/uploads\/2017\/05\/20170213_112314-e1493923971685-169x300.jpg 169w, https:\/\/biblioteca.iesalmudeyne.es\/wp-content\/uploads\/2017\/05\/20170213_112314-e1493923971685-200x356.jpg 200w, https:\/\/biblioteca.iesalmudeyne.es\/wp-content\/uploads\/2017\/05\/20170213_112314-e1493923971685-400x711.jpg 400w, https:\/\/biblioteca.iesalmudeyne.es\/wp-content\/uploads\/2017\/05\/20170213_112314-e1493923971685-576x1024.jpg 576w, https:\/\/biblioteca.iesalmudeyne.es\/wp-content\/uploads\/2017\/05\/20170213_112314-e1493923971685-600x1067.jpg 600w, https:\/\/biblioteca.iesalmudeyne.es\/wp-content\/uploads\/2017\/05\/20170213_112314-e1493923971685-768x1365.jpg 768w, https:\/\/biblioteca.iesalmudeyne.es\/wp-content\/uploads\/2017\/05\/20170213_112314-e1493923971685-800x1422.jpg 800w, https:\/\/biblioteca.iesalmudeyne.es\/wp-content\/uploads\/2017\/05\/20170213_112314-e1493923971685-864x1536.jpg 864w, https:\/\/biblioteca.iesalmudeyne.es\/wp-content\/uploads\/2017\/05\/20170213_112314-e1493923971685-1152x2048.jpg 1152w, https:\/\/biblioteca.iesalmudeyne.es\/wp-content\/uploads\/2017\/05\/20170213_112314-e1493923971685-1200x2133.jpg 1200w, https:\/\/biblioteca.iesalmudeyne.es\/wp-content\/uploads\/2017\/05\/20170213_112314-e1493923971685-scaled.jpg 1440w\" sizes=\"(max-width: 169px) 100vw, 169px\" \/><\/a>En su \u00faltimo a\u00f1o de instituto, Quentin no ha aprobado ni en popularidad ni en asuntos del coraz\u00f3n&#8230; Pero todo cambia cuando su vecina, la legendaria, inalcanzable y enigm\u00e1tica Margo Roth Spiegelman, se presenta en mitad de la noche para proponerle que le acompa\u00f1e en un plan de venganza inaudito. Despu\u00e9s de una intensa noche que reaviva el v\u00ednculo de una infancia compartida y parece sellar un nuevo destino para ambos, Margo desaparece dejando tras de s\u00ed un extra\u00f1o cerco de pistas. Con un estilo \u00fanico que combina humor y sensibilidad, John Green, el autor de Bajo la misma estrella, teje una emotiva historia a la que da vida un inolvidable elenco de personajes. Ganadora del prestigioso premio Edgar, Ciudades de papel aborda los temas de la amistad, el amor y la identidad para plantearnos una pregunta: \u00bfvemos en los dem\u00e1s, y en nosotros mismos, solo aquello que queremos ver?<\/span><\/span><\/span><\/p>\n<\/td>\n<\/tr>\n<tr>\n<td width=\"643\"><\/td>\n<\/tr>\n<tr>\n<td width=\"643\"><span style=\"color: #474747;\"><b>LAS MARCAS DE LA MUERTE. Veronica Roth<\/b><\/span><\/td>\n<\/tr>\n<\/tbody>\n<\/table>\n<p style=\"text-align: justify;\"><span style=\"font-family: 'Times New Roman', serif;\"><span style=\"font-size: medium;\"><span style=\"color: #535353;\"><a href=\"http:\/\/biblioteca.iesalmudeyne.es\/wp-content\/uploads\/2017\/05\/20170213_112440-e1493924094527.jpg\" rel=\"attachment wp-att-683\"><img decoding=\"async\" class=\"size-medium wp-image-683 alignleft\" src=\"http:\/\/biblioteca.iesalmudeyne.es\/wp-content\/uploads\/2017\/05\/20170213_112440-e1493924094527-169x300.jpg\" alt=\"20170213_112440\" width=\"169\" height=\"300\" srcset=\"https:\/\/biblioteca.iesalmudeyne.es\/wp-content\/uploads\/2017\/05\/20170213_112440-e1493924094527-169x300.jpg 169w, https:\/\/biblioteca.iesalmudeyne.es\/wp-content\/uploads\/2017\/05\/20170213_112440-e1493924094527-200x356.jpg 200w, https:\/\/biblioteca.iesalmudeyne.es\/wp-content\/uploads\/2017\/05\/20170213_112440-e1493924094527-400x711.jpg 400w, https:\/\/biblioteca.iesalmudeyne.es\/wp-content\/uploads\/2017\/05\/20170213_112440-e1493924094527-576x1024.jpg 576w, https:\/\/biblioteca.iesalmudeyne.es\/wp-content\/uploads\/2017\/05\/20170213_112440-e1493924094527-600x1067.jpg 600w, https:\/\/biblioteca.iesalmudeyne.es\/wp-content\/uploads\/2017\/05\/20170213_112440-e1493924094527-768x1365.jpg 768w, https:\/\/biblioteca.iesalmudeyne.es\/wp-content\/uploads\/2017\/05\/20170213_112440-e1493924094527-800x1422.jpg 800w, https:\/\/biblioteca.iesalmudeyne.es\/wp-content\/uploads\/2017\/05\/20170213_112440-e1493924094527-864x1536.jpg 864w, https:\/\/biblioteca.iesalmudeyne.es\/wp-content\/uploads\/2017\/05\/20170213_112440-e1493924094527-1152x2048.jpg 1152w, https:\/\/biblioteca.iesalmudeyne.es\/wp-content\/uploads\/2017\/05\/20170213_112440-e1493924094527-1200x2133.jpg 1200w, https:\/\/biblioteca.iesalmudeyne.es\/wp-content\/uploads\/2017\/05\/20170213_112440-e1493924094527-scaled.jpg 1440w\" sizes=\"(max-width: 169px) 100vw, 169px\" \/><\/a>Hay dones que pueden convertirse en maldiciones. Y hay maldiciones que pueden liberar a todo el universo. El don de la joven Cyra consiste en provocar dolor. El mismo dolor atroz que ella siente en todo momento. El don de Akos le hace inmune a los dones de los dem\u00e1s, pero \u00bfbastar\u00e1 para salvar a su familia y a s\u00ed mismo de un destino tan injusto como cruel? En un universo en guerra, los dones de Cyra y Akos hacen que sean vulnerables, peones en manos de quienes quieren aprovecharse de su poder. Su \u00fanica esperanza reside en unir sus fuerzas para luchar contra la injusticia y\u0085 Convertir el dolor en poder. La desconfianza en lealtad. El amor en ansia de libertad.<\/span> <\/span><\/span><\/p>\n<p>.<\/p>\n<p>.<\/p>\n<p>.<\/p>\n<p>.<\/p>\n<p><span style=\"font-family: 'Times New Roman', serif;\"><span style=\"font-size: medium;\"><b>KISS ME: PROHIBIDO ENAMORARSE. Elle Kennedy<\/b><\/span><\/span><\/p>\n<p style=\"text-align: justify;\"><span style=\"color: #333333;\"><span style=\"font-family: Georgia;\"><span style=\"font-size: small;\"><i><b><a href=\"http:\/\/biblioteca.iesalmudeyne.es\/wp-content\/uploads\/2017\/05\/20170213_112421-e1493924169225.jpg\" rel=\"attachment wp-att-682\"><img decoding=\"async\" class=\"size-medium wp-image-682 alignleft\" src=\"http:\/\/biblioteca.iesalmudeyne.es\/wp-content\/uploads\/2017\/05\/20170213_112421-e1493924169225-169x300.jpg\" alt=\"20170213_112421\" width=\"169\" height=\"300\" srcset=\"https:\/\/biblioteca.iesalmudeyne.es\/wp-content\/uploads\/2017\/05\/20170213_112421-e1493924169225-169x300.jpg 169w, https:\/\/biblioteca.iesalmudeyne.es\/wp-content\/uploads\/2017\/05\/20170213_112421-e1493924169225-200x356.jpg 200w, https:\/\/biblioteca.iesalmudeyne.es\/wp-content\/uploads\/2017\/05\/20170213_112421-e1493924169225-400x711.jpg 400w, https:\/\/biblioteca.iesalmudeyne.es\/wp-content\/uploads\/2017\/05\/20170213_112421-e1493924169225-576x1024.jpg 576w, https:\/\/biblioteca.iesalmudeyne.es\/wp-content\/uploads\/2017\/05\/20170213_112421-e1493924169225-600x1067.jpg 600w, https:\/\/biblioteca.iesalmudeyne.es\/wp-content\/uploads\/2017\/05\/20170213_112421-e1493924169225-768x1365.jpg 768w, https:\/\/biblioteca.iesalmudeyne.es\/wp-content\/uploads\/2017\/05\/20170213_112421-e1493924169225-800x1422.jpg 800w, https:\/\/biblioteca.iesalmudeyne.es\/wp-content\/uploads\/2017\/05\/20170213_112421-e1493924169225-864x1536.jpg 864w, https:\/\/biblioteca.iesalmudeyne.es\/wp-content\/uploads\/2017\/05\/20170213_112421-e1493924169225-1152x2048.jpg 1152w, https:\/\/biblioteca.iesalmudeyne.es\/wp-content\/uploads\/2017\/05\/20170213_112421-e1493924169225-1200x2133.jpg 1200w, https:\/\/biblioteca.iesalmudeyne.es\/wp-content\/uploads\/2017\/05\/20170213_112421-e1493924169225-scaled.jpg 1440w\" sizes=\"(max-width: 169px) 100vw, 169px\" \/><\/a>Hannah va a hacer un trato con un chico malo&#8230; y va a ganar m\u00e1s de lo que espera.<\/b><\/i><\/span><\/span><\/span><\/p>\n<p style=\"text-align: justify;\"><span style=\"color: #333333;\"><span style=\"font-family: Georgia;\"><span style=\"font-size: small;\">Hannah por fin ha encontrado un chico que la vuelve loca, pero hay un peque\u00f1o problema: no tiene ni idea de c\u00f3mo seducirle.<\/span><\/span><\/span><\/p>\n<p style=\"text-align: justify;\"><span style=\"color: #333333;\"><span style=\"font-family: Georgia;\"><span style=\"font-size: small;\">La soluci\u00f3n es Garrett, el deportista y playboy m\u00e1s deseado del campus: \u00e9l necesita aprobar un examen a toda costa, y a cambio puede ayudarla a poner celoso a cualquiera&#8230;<\/span><\/span><\/span><\/p>\n<p style=\"text-align: justify;\"><span style=\"color: #333333;\"><span style=\"font-family: Georgia;\"><span style=\"font-size: small;\">Incluso a s\u00ed mismo. Cuando un beso inocente les lleva a una noche incre\u00edble, Garrett ve la luz: Hannah no puede irse con otro. Tiene que convencerla de que se quede a su lado.<\/span><\/span><\/span><\/p>\n<p>.<br \/>\n.<\/p>\n<p><span style=\"color: #333333;\"><span style=\"font-family: Georgia;\"><span style=\"font-size: small;\"><b>Chicos que saben lo que hacen. Chicas que saben lo que quieren.<\/b><\/span><\/span><\/span><\/p>\n<p>.<br \/>\n.<\/p>\n<p><span style=\"color: #333333;\"><span style=\"font-family: Georgia;\"><span style=\"font-size: small;\"><b>MEDIO REY. Joe Abercrombie<\/b><\/span><\/span><\/span><\/p>\n<p><strong><span style=\"color: #444444;\"><span style=\"font-family: 'Roboto Slab', sans-serif;\"><span style=\"font-size: small;\"><b>\u00abJur\u00e9 vengarme de los asesinos de mi padre. Ser\u00e9 medio hombre, pero pronunci\u00e9 un juramento entero.\u00bb<\/b><\/span><\/span><\/span><\/strong><\/p>\n<p style=\"text-align: justify;\"><span style=\"color: #444444;\"><span style=\"font-family: 'Roboto Slab', sans-serif;\"><span style=\"font-size: small;\"><a href=\"http:\/\/biblioteca.iesalmudeyne.es\/wp-content\/uploads\/2017\/05\/mediorey-e1493924246443.jpg\" rel=\"attachment wp-att-684\"><img decoding=\"async\" class=\"size-medium wp-image-684 alignleft\" src=\"http:\/\/biblioteca.iesalmudeyne.es\/wp-content\/uploads\/2017\/05\/mediorey-e1493924246443-169x300.jpg\" alt=\"mediorey\" width=\"169\" height=\"300\" srcset=\"https:\/\/biblioteca.iesalmudeyne.es\/wp-content\/uploads\/2017\/05\/mediorey-e1493924246443-169x300.jpg 169w, https:\/\/biblioteca.iesalmudeyne.es\/wp-content\/uploads\/2017\/05\/mediorey-e1493924246443-200x356.jpg 200w, https:\/\/biblioteca.iesalmudeyne.es\/wp-content\/uploads\/2017\/05\/mediorey-e1493924246443-400x711.jpg 400w, https:\/\/biblioteca.iesalmudeyne.es\/wp-content\/uploads\/2017\/05\/mediorey-e1493924246443-576x1024.jpg 576w, https:\/\/biblioteca.iesalmudeyne.es\/wp-content\/uploads\/2017\/05\/mediorey-e1493924246443-600x1067.jpg 600w, https:\/\/biblioteca.iesalmudeyne.es\/wp-content\/uploads\/2017\/05\/mediorey-e1493924246443-768x1365.jpg 768w, https:\/\/biblioteca.iesalmudeyne.es\/wp-content\/uploads\/2017\/05\/mediorey-e1493924246443-800x1422.jpg 800w, https:\/\/biblioteca.iesalmudeyne.es\/wp-content\/uploads\/2017\/05\/mediorey-e1493924246443-864x1536.jpg 864w, https:\/\/biblioteca.iesalmudeyne.es\/wp-content\/uploads\/2017\/05\/mediorey-e1493924246443-1152x2048.jpg 1152w, https:\/\/biblioteca.iesalmudeyne.es\/wp-content\/uploads\/2017\/05\/mediorey-e1493924246443-1200x2133.jpg 1200w, https:\/\/biblioteca.iesalmudeyne.es\/wp-content\/uploads\/2017\/05\/mediorey-e1493924246443-scaled.jpg 1440w\" sizes=\"(max-width: 169px) 100vw, 169px\" \/><\/a>Yarvi, el hijo menor del rey, naci\u00f3 con una malformaci\u00f3n en una mano que ha llevado a todo el mundo, incluso a su propio padre, a considerarlo \u00abmedio hombre\u00bb. Por eso, en lugar de formarse como guerrero, al igual que el resto de varones de su estirpe, se ha dedicado a estudiar para convertirse en uno de los cl\u00e9rigos del reino. Sin embargo, en la v\u00edspera de la \u00faltima prueba para ingresar en esta poderosa orden de sabios, a Yarvi le llega la noticia de que su padre y su hermano han sido asesinados. \u00c9l es el nuevo rey.<\/span><\/span><\/span><\/p>\n<p style=\"text-align: justify;\"><span style=\"color: #444444;\"><span style=\"font-family: 'Roboto Slab', sans-serif;\"><span style=\"font-size: small;\">Pero tras una terrible traici\u00f3n a manos de sus seres queridos, Yarvi se encontrar\u00e1 solo en un mundo regido por la fuerza f\u00edsica y los corazones fr\u00edos. Incapaz de llevar armadura o de levantar un hacha, deber\u00e1 afilar y agudizar su mente. Cuando se juntan a su alrededor una extra\u00f1a hermandad de almas perdidas, descubrir\u00e1 que esos compa\u00f1eros inesperados tal vez puedan ayudarle a convertirse en el hombre que quiere ser.<\/span><\/span><\/span><\/p>\n<p style=\"text-align: justify;\"><span style=\"color: #444444;\"><span style=\"font-family: 'Roboto Slab', sans-serif;\"><span style=\"font-size: small;\">\u00ab<\/span><\/span><\/span><em><span style=\"color: #444444;\"><span style=\"font-family: 'Roboto Slab', sans-serif;\"><span style=\"font-size: small;\">Una historia trepidante de traici\u00f3n y venganza que me atrap\u00f3 desde la primera p\u00e1gina, y de la cual no te podr\u00e1s desenganchar<\/span><\/span><\/span><\/em><span style=\"color: #444444;\"><span style=\"font-family: 'Roboto Slab', sans-serif;\"><span style=\"font-size: small;\">.\u00bb<\/span><\/span><\/span><\/p>\n<p>.<\/p>\n<p><span style=\"font-family: 'Times New Roman', serif;\"><span style=\"font-size: medium;\"><b>EL CORREDOR DEL LABERINTO. LAS PRUEBAS. Libro II. James Dashner<\/b><\/span><\/span><\/p>\n<p style=\"text-align: justify;\"><span style=\"color: #000000;\"><span style=\"font-family: 'Times New Roman', serif;\"><span style=\"font-size: medium;\"><i><a href=\"http:\/\/biblioteca.iesalmudeyne.es\/wp-content\/uploads\/2017\/05\/20170213_112402-e1493923991821.jpg\" rel=\"attachment wp-att-681\"><img decoding=\"async\" class=\"size-medium wp-image-681 alignleft\" src=\"http:\/\/biblioteca.iesalmudeyne.es\/wp-content\/uploads\/2017\/05\/20170213_112402-e1493923991821-169x300.jpg\" alt=\"20170213_112402\" width=\"169\" height=\"300\" srcset=\"https:\/\/biblioteca.iesalmudeyne.es\/wp-content\/uploads\/2017\/05\/20170213_112402-e1493923991821-169x300.jpg 169w, https:\/\/biblioteca.iesalmudeyne.es\/wp-content\/uploads\/2017\/05\/20170213_112402-e1493923991821-200x356.jpg 200w, https:\/\/biblioteca.iesalmudeyne.es\/wp-content\/uploads\/2017\/05\/20170213_112402-e1493923991821-400x711.jpg 400w, https:\/\/biblioteca.iesalmudeyne.es\/wp-content\/uploads\/2017\/05\/20170213_112402-e1493923991821-576x1024.jpg 576w, https:\/\/biblioteca.iesalmudeyne.es\/wp-content\/uploads\/2017\/05\/20170213_112402-e1493923991821-600x1067.jpg 600w, https:\/\/biblioteca.iesalmudeyne.es\/wp-content\/uploads\/2017\/05\/20170213_112402-e1493923991821-768x1365.jpg 768w, https:\/\/biblioteca.iesalmudeyne.es\/wp-content\/uploads\/2017\/05\/20170213_112402-e1493923991821-800x1422.jpg 800w, https:\/\/biblioteca.iesalmudeyne.es\/wp-content\/uploads\/2017\/05\/20170213_112402-e1493923991821-864x1536.jpg 864w, https:\/\/biblioteca.iesalmudeyne.es\/wp-content\/uploads\/2017\/05\/20170213_112402-e1493923991821-1152x2048.jpg 1152w, https:\/\/biblioteca.iesalmudeyne.es\/wp-content\/uploads\/2017\/05\/20170213_112402-e1493923991821-1200x2133.jpg 1200w, https:\/\/biblioteca.iesalmudeyne.es\/wp-content\/uploads\/2017\/05\/20170213_112402-e1493923991821-scaled.jpg 1440w\" sizes=\"(max-width: 169px) 100vw, 169px\" \/><\/a>EL LABERINTO ERA S\u00d3LO EL PRINCIPIO<\/i>. Resolver el laberinto se supon\u00eda que era el final. No m\u00e1s pruebas, no m\u00e1s huidas. Thomas cre\u00eda que salir significaba que todos recobrar\u00edan sus vidas, pero ninguno sab\u00eda a qu\u00e9 clase de vida estaban volviendo. \u00c1rida y carbonizada, gran parte de la tierra es un territorio inservible. El sol abrasa, los gobiernos han ca\u00eddo y una misteriosa enfermedad se ha ido apoderando poco a poco de la gente. Sus causas son desconocidas; su resultado, la locura. En un lugar infestado de miseria y ruina, y por donde la gente ha enloquecido y deambula en busca de v\u00edctimas, Thomas conoce a una chica, Brenda, que asegura haber contra\u00eddo la enfermedad y estar a punto de sucumbir a sus efectos. Entretanto, Teresa ha desaparecido, la organizaci\u00f3n CRUEL les ha dejado un mensaje, un misterioso chico ha llegado y alguien ha tatuado unas palabras en los cuellos de los clarianos. La de Minho dice \u00abel l\u00edder\u00bb; la de Thomas, \u00abel que debe ser asesinado\u00bb\u2026\u2026<\/span><\/span><\/span><\/p>\n<p>.<\/p>\n<p><span style=\"color: #000000;\"><span style=\"font-family: 'Times New Roman', serif;\"><span style=\"font-size: medium;\"><b>ALGO TAN SENCILLO COMO DARTE UN BESO. Blue Jeans<\/b><\/span><\/span><\/span><\/p>\n<p style=\"text-align: justify;\" align=\"LEFT\"><span style=\"color: #000000;\"><span style=\"font-family: 'Times New Roman', serif;\"><span style=\"font-size: medium;\"><a href=\"http:\/\/biblioteca.iesalmudeyne.es\/wp-content\/uploads\/2017\/05\/20170213_112301-e1493924366775.jpg\" rel=\"attachment wp-att-679\"><img decoding=\"async\" class=\"size-medium wp-image-679 alignleft\" src=\"http:\/\/biblioteca.iesalmudeyne.es\/wp-content\/uploads\/2017\/05\/20170213_112301-e1493924366775-169x300.jpg\" alt=\"20170213_112301\" width=\"169\" height=\"300\" srcset=\"https:\/\/biblioteca.iesalmudeyne.es\/wp-content\/uploads\/2017\/05\/20170213_112301-e1493924366775-169x300.jpg 169w, https:\/\/biblioteca.iesalmudeyne.es\/wp-content\/uploads\/2017\/05\/20170213_112301-e1493924366775-200x356.jpg 200w, https:\/\/biblioteca.iesalmudeyne.es\/wp-content\/uploads\/2017\/05\/20170213_112301-e1493924366775-400x711.jpg 400w, https:\/\/biblioteca.iesalmudeyne.es\/wp-content\/uploads\/2017\/05\/20170213_112301-e1493924366775-576x1024.jpg 576w, https:\/\/biblioteca.iesalmudeyne.es\/wp-content\/uploads\/2017\/05\/20170213_112301-e1493924366775-600x1067.jpg 600w, https:\/\/biblioteca.iesalmudeyne.es\/wp-content\/uploads\/2017\/05\/20170213_112301-e1493924366775-768x1365.jpg 768w, https:\/\/biblioteca.iesalmudeyne.es\/wp-content\/uploads\/2017\/05\/20170213_112301-e1493924366775-800x1422.jpg 800w, https:\/\/biblioteca.iesalmudeyne.es\/wp-content\/uploads\/2017\/05\/20170213_112301-e1493924366775-864x1536.jpg 864w, https:\/\/biblioteca.iesalmudeyne.es\/wp-content\/uploads\/2017\/05\/20170213_112301-e1493924366775-1152x2048.jpg 1152w, https:\/\/biblioteca.iesalmudeyne.es\/wp-content\/uploads\/2017\/05\/20170213_112301-e1493924366775-1200x2133.jpg 1200w, https:\/\/biblioteca.iesalmudeyne.es\/wp-content\/uploads\/2017\/05\/20170213_112301-e1493924366775-scaled.jpg 1440w\" sizes=\"(max-width: 169px) 100vw, 169px\" \/><\/a>Blue Jeans, es ya un fen\u00f3meno imparable.<br \/>\nDavid, Elena, \u00d3scar, Iria, Julen, Manu, Ainhoa y Toni, los chicos del pasillo 1 b vuelven a la residencia Benjam\u00edn Franklin despu\u00e9s de las vacaciones de Navidad. Con ellos, tambi\u00e9n las nuevas parejas de David y Elena,Marta y Mart\u00edn, que siguen adelante con su relaci\u00f3n. Pero no est\u00e1n todos, falta Nicole, que tuvo que marcharse a Valencia, con su familia, tras sufrir una agresi\u00f3n xen\u00f3foba en el Starbucks donde trabajaba. Los chicos la echan mucho de menos, y ella est\u00e1 deseando volver, pero su familia no quiere ni o\u00edr hablar de ello; a\u00fan no se les ha quitado el susto del cuerpo. Aunque aparentemente todo sigue igual, los chicos se enfrentar\u00e1n en este nuevo trimestre a las m\u00e1s variopintas situaciones: fen\u00f3menos semiparanormales, cambios de rumbo inesperados y la aparici\u00f3n en sus vidas de alguien que no deber\u00eda estar, nuevos amores sorprendentes y otras rupturas previsibles. Un nuevo trimestre que promete no defraudar a nadie\u2026<\/span><\/span><\/span><\/p>\n<p style=\"text-align: justify;\" align=\"LEFT\">.<\/p>\n<p align=\"LEFT\"><span style=\"color: #000000;\"><span style=\"font-family: 'Times New Roman', serif;\"><span style=\"font-size: medium;\"><b>FUERA LLUEVE, DENTRO TAMBIEN..\u00bfPASO A BUSCARTE?. Antonio Dikele Distefano<\/b><\/span><\/span><\/span><\/p>\n<p align=\"LEFT\"><span style=\"color: #000000;\"><span style=\"font-family: 'Times New Roman', serif;\"><span style=\"font-size: medium;\"><a href=\"http:\/\/biblioteca.iesalmudeyne.es\/wp-content\/uploads\/2017\/05\/20170213_112253-e1493924543701.jpg\" rel=\"attachment wp-att-678\"><img decoding=\"async\" class=\"size-medium wp-image-678 alignleft\" src=\"http:\/\/biblioteca.iesalmudeyne.es\/wp-content\/uploads\/2017\/05\/20170213_112253-e1493924543701-169x300.jpg\" alt=\"20170213_112253\" width=\"169\" height=\"300\" srcset=\"https:\/\/biblioteca.iesalmudeyne.es\/wp-content\/uploads\/2017\/05\/20170213_112253-e1493924543701-169x300.jpg 169w, https:\/\/biblioteca.iesalmudeyne.es\/wp-content\/uploads\/2017\/05\/20170213_112253-e1493924543701-200x356.jpg 200w, https:\/\/biblioteca.iesalmudeyne.es\/wp-content\/uploads\/2017\/05\/20170213_112253-e1493924543701-400x711.jpg 400w, https:\/\/biblioteca.iesalmudeyne.es\/wp-content\/uploads\/2017\/05\/20170213_112253-e1493924543701-576x1024.jpg 576w, https:\/\/biblioteca.iesalmudeyne.es\/wp-content\/uploads\/2017\/05\/20170213_112253-e1493924543701-600x1067.jpg 600w, https:\/\/biblioteca.iesalmudeyne.es\/wp-content\/uploads\/2017\/05\/20170213_112253-e1493924543701-768x1365.jpg 768w, https:\/\/biblioteca.iesalmudeyne.es\/wp-content\/uploads\/2017\/05\/20170213_112253-e1493924543701-800x1422.jpg 800w, https:\/\/biblioteca.iesalmudeyne.es\/wp-content\/uploads\/2017\/05\/20170213_112253-e1493924543701-864x1536.jpg 864w, https:\/\/biblioteca.iesalmudeyne.es\/wp-content\/uploads\/2017\/05\/20170213_112253-e1493924543701-1152x2048.jpg 1152w, https:\/\/biblioteca.iesalmudeyne.es\/wp-content\/uploads\/2017\/05\/20170213_112253-e1493924543701-1200x2133.jpg 1200w, https:\/\/biblioteca.iesalmudeyne.es\/wp-content\/uploads\/2017\/05\/20170213_112253-e1493924543701-scaled.jpg 1440w\" sizes=\"(max-width: 169px) 100vw, 169px\" \/><\/a>\u00bfCu\u00e1nto valor hay que tener para querer a alguien que quiere a otra persona?<\/span><\/span><\/span><\/p>\n<p style=\"text-align: justify;\"><span style=\"color: #000000;\"><span style=\"font-family: 'Times New Roman', serif;\"><span style=\"font-size: medium;\">Antonio, el protagonista, empieza esta historia con el coraz\u00f3n destrozado. Su chica acaba de irse con su mejor amigo, \u00e9l no acaba de integrarse en el nuevo barrio, la relaci\u00f3n con sus padres es dif\u00edcil y no solo por los problemas econ\u00f3micos que sufre la familia&#8230; La vida de un adolescente normal sino fuera porque Antonio tiene adem\u00e1s que hacer frente a un problema mayo: el racismo.<\/span><\/span><\/span><\/p>\n<p style=\"text-align: justify;\"><span style=\"color: #000000;\"><span style=\"font-family: 'Times New Roman', serif;\"><span style=\"font-size: medium;\">Sin embargo, todos sus problemas empezar\u00e1n a parecerle m\u00e1s soportables cuando conozca a Linda.<\/span><\/span><\/span><\/p>\n<p style=\"text-align: justify;\" align=\"LEFT\"><span style=\"color: #000000;\"><span style=\"font-family: 'Times New Roman', serif;\"><span style=\"font-size: medium;\"><b>Al m\u00e1s puro estilo de Moccia, esta es la mejor historia de amor de todos los tiempos, fiel sucesora de Romeo y Julieta.<\/b><\/span><\/span><\/span><\/p>\n","protected":false},"excerpt":{"rendered":"<p>Este curso seguimos ampliando las novedades, sobre todo en literatura [&hellip;]<\/p>\n","protected":false},"author":1,"featured_media":0,"parent":0,"menu_order":0,"comment_status":"closed","ping_status":"closed","template":"","meta":{"footnotes":""},"class_list":["post-677","page","type-page","status-publish","hentry"],"_links":{"self":[{"href":"https:\/\/biblioteca.iesalmudeyne.es\/index.php?rest_route=\/wp\/v2\/pages\/677","targetHints":{"allow":["GET"]}}],"collection":[{"href":"https:\/\/biblioteca.iesalmudeyne.es\/index.php?rest_route=\/wp\/v2\/pages"}],"about":[{"href":"https:\/\/biblioteca.iesalmudeyne.es\/index.php?rest_route=\/wp\/v2\/types\/page"}],"author":[{"embeddable":true,"href":"https:\/\/biblioteca.iesalmudeyne.es\/index.php?rest_route=\/wp\/v2\/users\/1"}],"replies":[{"embeddable":true,"href":"https:\/\/biblioteca.iesalmudeyne.es\/index.php?rest_route=%2Fwp%2Fv2%2Fcomments&post=677"}],"version-history":[{"count":0,"href":"https:\/\/biblioteca.iesalmudeyne.es\/index.php?rest_route=\/wp\/v2\/pages\/677\/revisions"}],"wp:attachment":[{"href":"https:\/\/biblioteca.iesalmudeyne.es\/index.php?rest_route=%2Fwp%2Fv2%2Fmedia&parent=677"}],"curies":[{"name":"wp","href":"https:\/\/api.w.org\/{rel}","templated":true}]}}